{"id":150,"date":"2013-11-20T22:37:47","date_gmt":"2013-11-20T22:37:47","guid":{"rendered":"http:\/\/109.71.45.70\/?page_id=150"},"modified":"2014-02-21T22:05:32","modified_gmt":"2014-02-21T22:05:32","slug":"technology","status":"publish","type":"page","link":"https:\/\/www.qbatista.pt\/es\/office-center\/technology\/","title":{"rendered":"Tecnolog\u00eda"},"content":{"rendered":"<p>Para que se mantenga al d\u00eda con la \u00faltima tecnolog\u00eda en ordenadores y t\u00e9cnicas de comunicaci\u00f3n, ponemos a su disposici\u00f3n el acceso a redes LAN, arrendado de l\u00edneas RDSI e Internet inal\u00e1mbrico de alta velocidad. En t\u00e9rminos de infraestructura, el edificio ofrece cableado categor\u00eda 5 estructurado. Adem\u00e1s, podemos proveer espacio en nuestros servidores para su negocio.<\/p>\n<p>Con respecto a las comunicaciones la oferta incluye tel\u00e9fonos multifunci\u00f3n, factura detallada y servicio de correo de voz. Tambi\u00e9n hay un equipo de especialistas en inform\u00e1tica dispuestos a ayudarle en la compra de hardware y redes.<\/p>","protected":false},"excerpt":{"rendered":"<p>Para que se mantenga al d\u00eda con la \u00faltima tecnolog\u00eda en ordenadores y t\u00e9cnicas de comunicaci\u00f3n, ponemos a su disposici\u00f3n el acceso a redes LAN, arrendado de l\u00edneas RDSI e Internet inal\u00e1mbrico de alta velocidad. En t\u00e9rminos de infraestructura, el edificio ofrece cableado categor\u00eda 5 estructurado. Adem\u00e1s, podemos proveer espacio en nuestros servidores para su&#8230;  <a class=\"excerpt-read-more\" href=\"https:\/\/www.qbatista.pt\/es\/office-center\/technology\/\" title=\"ReadTecnolog\u00eda\">Leer m\u00e1s &raquo;<\/a><\/p>\n","protected":false},"author":2,"featured_media":0,"parent":28,"menu_order":0,"comment_status":"open","ping_status":"open","template":"","meta":[],"acf":[],"_links":{"self":[{"href":"https:\/\/www.qbatista.pt\/es\/wp-json\/wp\/v2\/pages\/150"}],"collection":[{"href":"https:\/\/www.qbatista.pt\/es\/wp-json\/wp\/v2\/pages"}],"about":[{"href":"https:\/\/www.qbatista.pt\/es\/wp-json\/wp\/v2\/types\/page"}],"author":[{"embeddable":true,"href":"https:\/\/www.qbatista.pt\/es\/wp-json\/wp\/v2\/users\/2"}],"replies":[{"embeddable":true,"href":"https:\/\/www.qbatista.pt\/es\/wp-json\/wp\/v2\/comments?post=150"}],"version-history":[{"count":2,"href":"https:\/\/www.qbatista.pt\/es\/wp-json\/wp\/v2\/pages\/150\/revisions"}],"predecessor-version":[{"id":159,"href":"https:\/\/www.qbatista.pt\/es\/wp-json\/wp\/v2\/pages\/150\/revisions\/159"}],"up":[{"embeddable":true,"href":"https:\/\/www.qbatista.pt\/es\/wp-json\/wp\/v2\/pages\/28"}],"wp:attachment":[{"href":"https:\/\/www.qbatista.pt\/es\/wp-json\/wp\/v2\/media?parent=150"}],"curies":[{"name":"wp","href":"https:\/\/api.w.org\/{rel}","templated":true}]}}