{"id":22,"date":"2013-09-02T21:00:49","date_gmt":"2013-09-02T21:00:49","guid":{"rendered":"http:\/\/miguelneves.com\/qbatista\/?page_id=22"},"modified":"2013-10-26T18:52:10","modified_gmt":"2013-10-26T18:52:10","slug":"human-resources","status":"publish","type":"page","link":"https:\/\/www.qbatista.pt\/es\/services\/human-resources\/","title":{"rendered":"Recursos Humanos"},"content":{"rendered":"<p><\/p>\n<h2>Recursos Humanos<\/h2>\n<ul>\n<li>Procesamiento de honorarios<\/li>\n<li>Env\u00edo de declaraciones de remuneraci\u00f3n<\/li>\n<li>Retenciones<\/li>\n<li>Comunicaci\u00f3n de admisi\u00f3n\/exclusi\u00f3n de los empleados a la Seguridad Social<\/li>\n<\/ul>\n<p><\/p>","protected":false},"excerpt":{"rendered":"<p>Recursos Humanos Procesamiento de honorarios Env\u00edo de declaraciones de remuneraci\u00f3n Retenciones Comunicaci\u00f3n de admisi\u00f3n\/exclusi\u00f3n de los empleados a la Seguridad Social<\/p>\n","protected":false},"author":2,"featured_media":0,"parent":16,"menu_order":0,"comment_status":"open","ping_status":"open","template":"","meta":[],"acf":[],"_links":{"self":[{"href":"https:\/\/www.qbatista.pt\/es\/wp-json\/wp\/v2\/pages\/22"}],"collection":[{"href":"https:\/\/www.qbatista.pt\/es\/wp-json\/wp\/v2\/pages"}],"about":[{"href":"https:\/\/www.qbatista.pt\/es\/wp-json\/wp\/v2\/types\/page"}],"author":[{"embeddable":true,"href":"https:\/\/www.qbatista.pt\/es\/wp-json\/wp\/v2\/users\/2"}],"replies":[{"embeddable":true,"href":"https:\/\/www.qbatista.pt\/es\/wp-json\/wp\/v2\/comments?post=22"}],"version-history":[{"count":2,"href":"https:\/\/www.qbatista.pt\/es\/wp-json\/wp\/v2\/pages\/22\/revisions"}],"predecessor-version":[{"id":129,"href":"https:\/\/www.qbatista.pt\/es\/wp-json\/wp\/v2\/pages\/22\/revisions\/129"}],"up":[{"embeddable":true,"href":"https:\/\/www.qbatista.pt\/es\/wp-json\/wp\/v2\/pages\/16"}],"wp:attachment":[{"href":"https:\/\/www.qbatista.pt\/es\/wp-json\/wp\/v2\/media?parent=22"}],"curies":[{"name":"wp","href":"https:\/\/api.w.org\/{rel}","templated":true}]}}