{"id":30,"date":"2013-09-02T21:03:22","date_gmt":"2013-09-02T20:03:22","guid":{"rendered":"http:\/\/miguelneves.com\/qbatista\/?page_id=30"},"modified":"2021-07-27T17:02:07","modified_gmt":"2021-07-27T16:02:07","slug":"contacts","status":"publish","type":"page","link":"https:\/\/www.qbatista.pt\/es\/contacts\/","title":{"rendered":"Contactos"},"content":{"rendered":"<p>Con el fin de aumentar la satisfacci\u00f3n de los usuarios de nuestro sitio web y conocer cada vez m\u00e1s y mejor las necesidades de nuestros clientes, hemos creado este espacio donde puede dejar sus sugerencias.<\/p>\n<p>Esta p\u00e1gina es para usted.<\/p>\n<p>Hable con nosotros por tel\u00e9fono o rellenando el formulario<\/p>","protected":false},"excerpt":{"rendered":"<p>Con el fin de aumentar la satisfacci\u00f3n de los usuarios de nuestro sitio web y conocer cada vez m\u00e1s y mejor las necesidades de nuestros clientes, hemos creado este espacio donde puede dejar sus sugerencias. Esta p\u00e1gina es para usted. Hable con nosotros por tel\u00e9fono o rellenando el formulario<\/p>\n","protected":false},"author":2,"featured_media":0,"parent":0,"menu_order":0,"comment_status":"open","ping_status":"closed","template":"template-contacts.php","meta":[],"acf":[],"_links":{"self":[{"href":"https:\/\/www.qbatista.pt\/es\/wp-json\/wp\/v2\/pages\/30"}],"collection":[{"href":"https:\/\/www.qbatista.pt\/es\/wp-json\/wp\/v2\/pages"}],"about":[{"href":"https:\/\/www.qbatista.pt\/es\/wp-json\/wp\/v2\/types\/page"}],"author":[{"embeddable":true,"href":"https:\/\/www.qbatista.pt\/es\/wp-json\/wp\/v2\/users\/2"}],"replies":[{"embeddable":true,"href":"https:\/\/www.qbatista.pt\/es\/wp-json\/wp\/v2\/comments?post=30"}],"version-history":[{"count":14,"href":"https:\/\/www.qbatista.pt\/es\/wp-json\/wp\/v2\/pages\/30\/revisions"}],"predecessor-version":[{"id":542,"href":"https:\/\/www.qbatista.pt\/es\/wp-json\/wp\/v2\/pages\/30\/revisions\/542"}],"wp:attachment":[{"href":"https:\/\/www.qbatista.pt\/es\/wp-json\/wp\/v2\/media?parent=30"}],"curies":[{"name":"wp","href":"https:\/\/api.w.org\/{rel}","templated":true}]}}