{"id":460,"date":"2018-05-24T15:42:23","date_gmt":"2018-05-24T14:42:23","guid":{"rendered":"http:\/\/www.qbatista.pt\/?page_id=460"},"modified":"2018-05-24T16:17:14","modified_gmt":"2018-05-24T15:17:14","slug":"politica-de-privacidade","status":"publish","type":"page","link":"https:\/\/www.qbatista.pt\/es\/politica-de-privacidade\/","title":{"rendered":"Pol\u00edtica de privacidade"},"content":{"rendered":"<p>El Reglamento General de Protecci\u00f3n de Datos (RGPD) Europeo, garantiza la protecci\u00f3n de las personas singulares en lo que respecta al tratamiento de datos personales ya la libre circulaci\u00f3n de estos datos.<\/p>\n<p>En t\u00e9rminos legales se consideran \u00abdatos personales\u00bb cualquier informaci\u00f3n, de cualquier naturaleza e independientemente del respeto, incluyendo el sonido y la imagen, relativa a una persona singular identificada o identificable, por lo que la protecci\u00f3n no cubre los datos de las personas colectivas.<\/p>\n<p>Mediante la aceptaci\u00f3n de la presente Pol\u00edtica de Privacidad el usuario proporciona su consentimiento informado, expreso, libre e inequ\u00edvoco para que los datos personales proporcionados a Queir\u00f3s &amp; Batista.<\/p>\n<p>El tratamiento de datos cumple las medidas de seguridad, t\u00e9cnicas y organizativas adecuadas, evitando as\u00ed la alteraci\u00f3n, p\u00e9rdida, tratamiento o acceso no autorizado, de acuerdo con el estado de la tecnolog\u00eda en cada momento, la naturaleza de los datos y los posibles riesgos a que se expuesta.<\/p>\n<p>Cuando navega por el sitio web, se pueden recopilar algunos datos estad\u00edsticos cuando navega en el sitio (IP, pageviews, interacciones, etc.), siendo (cumplida su funci\u00f3n) anonimizados y englobados en grupos de muestra.<br \/>\nDe la misma forma, cuando usa nuestro formulario de contacto, e-mail y formas similares de comunicaci\u00f3n con Queir\u00f3s &amp; Batista, podremos recoger datos personales. Esta informaci\u00f3n podr\u00e1 contener: nombre, e-mail, direcci\u00f3n, tel\u00e9fono, fotograf\u00eda, as\u00ed como informaci\u00f3n de recorrido profesional (env\u00edo de CV en candidatura espont\u00e1nea por ejemplo).<\/p>\n<p>Existe el compromiso de utilizar los datos exclusivamente para las finalidades previamente definidas, as\u00ed como ser tratados \u00fanicamente por los trabajadores cuya intervenci\u00f3n sea necesaria (estando los mismos obligados al deber de confidencialidad y confidencialidad).<br \/>\nNo se transmitir\u00e1n datos a terceros sin autorizaci\u00f3n previa, estando los mismos sujetos al mismo tipo de reglas y procedimientos derivados del reglamento y pol\u00edtica de privacidad.<br \/>\nSus datos personales se conservan s\u00f3lo por el per\u00edodo de tiempo estrictamente necesario para realizar la finalidad para la que se destinan o, seg\u00fan el caso, hasta que ejerza su derecho de oposici\u00f3n o derecho de supresi\u00f3n. Una vez transcurrido ese per\u00edodo de conservaci\u00f3n, sus datos personales ser\u00e1n eliminados.<\/p>\n<p>De acuerdo con las disposiciones del RGPD, el usuario puede ejercer en todo momento sus derechos de acceso, rectificaci\u00f3n, supresi\u00f3n, limitaci\u00f3n, oposici\u00f3n y portabilidad, mediante solicitud (por escrito) a trav\u00e9s de los contactos disponibles en este sitio web.<\/p>","protected":false},"excerpt":{"rendered":"<p>El Reglamento General de Protecci\u00f3n de Datos (RGPD) Europeo, garantiza la protecci\u00f3n de las personas singulares en lo que respecta al tratamiento de datos personales ya la libre circulaci\u00f3n de estos datos. En t\u00e9rminos legales se consideran \u00abdatos personales\u00bb cualquier informaci\u00f3n, de cualquier naturaleza e independientemente del respeto, incluyendo el sonido y la imagen, relativa&#8230;  <a class=\"excerpt-read-more\" href=\"https:\/\/www.qbatista.pt\/es\/politica-de-privacidade\/\" title=\"ReadPol\u00edtica de privacidade\">Leer m\u00e1s &raquo;<\/a><\/p>\n","protected":false},"author":5,"featured_media":0,"parent":0,"menu_order":0,"comment_status":"closed","ping_status":"closed","template":"","meta":[],"acf":[],"_links":{"self":[{"href":"https:\/\/www.qbatista.pt\/es\/wp-json\/wp\/v2\/pages\/460"}],"collection":[{"href":"https:\/\/www.qbatista.pt\/es\/wp-json\/wp\/v2\/pages"}],"about":[{"href":"https:\/\/www.qbatista.pt\/es\/wp-json\/wp\/v2\/types\/page"}],"author":[{"embeddable":true,"href":"https:\/\/www.qbatista.pt\/es\/wp-json\/wp\/v2\/users\/5"}],"replies":[{"embeddable":true,"href":"https:\/\/www.qbatista.pt\/es\/wp-json\/wp\/v2\/comments?post=460"}],"version-history":[{"count":3,"href":"https:\/\/www.qbatista.pt\/es\/wp-json\/wp\/v2\/pages\/460\/revisions"}],"predecessor-version":[{"id":473,"href":"https:\/\/www.qbatista.pt\/es\/wp-json\/wp\/v2\/pages\/460\/revisions\/473"}],"wp:attachment":[{"href":"https:\/\/www.qbatista.pt\/es\/wp-json\/wp\/v2\/media?parent=460"}],"curies":[{"name":"wp","href":"https:\/\/api.w.org\/{rel}","templated":true}]}}