{"id":9,"date":"2013-09-02T20:45:14","date_gmt":"2013-09-02T20:45:14","guid":{"rendered":"http:\/\/miguelneves.com\/qbatista\/?page_id=9"},"modified":"2013-11-02T13:35:31","modified_gmt":"2013-11-02T13:35:31","slug":"mission","status":"publish","type":"page","link":"https:\/\/www.qbatista.pt\/es\/queiros-batista\/mission\/","title":{"rendered":"Miss\u00e3o e Valores"},"content":{"rendered":"<p>Nuestra misi\u00f3n es apoyar a nuestros clientes, proporcion\u00e1ndoles los servicios de contabilidad y consultor\u00eda que requieran en todos sus niveles. Valoramos la cercan\u00eda y la confianza mutua con nuestros clientes para formar un equipo verdaderamente eficiente, en el cual la informaci\u00f3n adecuada, precisa y a tiempo son clave para alcanzar los objetivos deseados \u2013 su satisfacci\u00f3n con nuestros servicios y con su negocio.<\/p>","protected":false},"excerpt":{"rendered":"<p>Nuestra misi\u00f3n es apoyar a nuestros clientes, proporcion\u00e1ndoles los servicios de contabilidad y consultor\u00eda que requieran en todos sus niveles. Valoramos la cercan\u00eda y la confianza mutua con nuestros clientes para formar un equipo verdaderamente eficiente, en el cual la informaci\u00f3n adecuada, precisa y a tiempo son clave para alcanzar los objetivos deseados \u2013 su&#8230;  <a class=\"excerpt-read-more\" href=\"https:\/\/www.qbatista.pt\/es\/queiros-batista\/mission\/\" title=\"ReadMiss\u00e3o e Valores\">Leer m\u00e1s &raquo;<\/a><\/p>\n","protected":false},"author":2,"featured_media":0,"parent":6,"menu_order":2,"comment_status":"open","ping_status":"closed","template":"","meta":[],"acf":[],"_links":{"self":[{"href":"https:\/\/www.qbatista.pt\/es\/wp-json\/wp\/v2\/pages\/9"}],"collection":[{"href":"https:\/\/www.qbatista.pt\/es\/wp-json\/wp\/v2\/pages"}],"about":[{"href":"https:\/\/www.qbatista.pt\/es\/wp-json\/wp\/v2\/types\/page"}],"author":[{"embeddable":true,"href":"https:\/\/www.qbatista.pt\/es\/wp-json\/wp\/v2\/users\/2"}],"replies":[{"embeddable":true,"href":"https:\/\/www.qbatista.pt\/es\/wp-json\/wp\/v2\/comments?post=9"}],"version-history":[{"count":1,"href":"https:\/\/www.qbatista.pt\/es\/wp-json\/wp\/v2\/pages\/9\/revisions"}],"predecessor-version":[{"id":140,"href":"https:\/\/www.qbatista.pt\/es\/wp-json\/wp\/v2\/pages\/9\/revisions\/140"}],"up":[{"embeddable":true,"href":"https:\/\/www.qbatista.pt\/es\/wp-json\/wp\/v2\/pages\/6"}],"wp:attachment":[{"href":"https:\/\/www.qbatista.pt\/es\/wp-json\/wp\/v2\/media?parent=9"}],"curies":[{"name":"wp","href":"https:\/\/api.w.org\/{rel}","templated":true}]}}