{"id":146,"date":"2013-11-20T22:34:17","date_gmt":"2013-11-20T22:34:17","guid":{"rendered":"http:\/\/109.71.45.70\/?page_id=146"},"modified":"2014-02-21T22:08:34","modified_gmt":"2014-02-21T22:08:34","slug":"spaces","status":"publish","type":"page","link":"https:\/\/www.qbatista.pt\/pt\/office-center\/spaces\/","title":{"rendered":"Espa\u00e7os"},"content":{"rendered":"<p>Os escrit\u00f3rios da Queir\u00f3s &amp; Batista foram desenhados de modo a permitirem criar espa\u00e7os modulares. Assim, poder\u00e1 moldar conforme a sua prefer\u00eancia, o seu gabinete individual ou os open spaces necess\u00e1rios para a sua empresa.<br \/>\nEsses escrit\u00f3rios individuais e espa\u00e7os de trabalho em open space, equipados com mobili\u00e1rio moderno<\/p>\n<p>Esses escrit\u00f3rios individuais e espa\u00e7os de trabalho em open space, equipados com mobili\u00e1rio moderno e funcional, incluindo arm\u00e1rios com chave para total privacidade, distribuem-se ao longo de dois pisos, beneficiando de luz natural, ilumina\u00e7\u00e3o, ar condicionado, limpeza di\u00e1ria e servi\u00e7os de seguran\u00e7a.<\/p>\n<p>O Edif\u00edcio tamb\u00e9m disp\u00f5e de:<\/p>\n<ul>\n<li>\u00c1reas de recep\u00e7\u00e3o<\/li>\n<li>Arquivo<\/li>\n<li>Bar<\/li>\n<li>Parque privativo<\/li>\n<li>Salas de Reuni\u00e3o<\/li>\n<\/ul>\n<p><\/p>","protected":false},"excerpt":{"rendered":"<p>Os escrit\u00f3rios da Queir\u00f3s &amp; Batista foram desenhados de modo a permitirem criar espa\u00e7os modulares. Assim, poder\u00e1 moldar conforme a sua prefer\u00eancia, o seu gabinete individual ou os open spaces necess\u00e1rios para a sua empresa. Esses escrit\u00f3rios individuais e espa\u00e7os de trabalho em open space, equipados com mobili\u00e1rio moderno Esses escrit\u00f3rios individuais e espa\u00e7os de&#8230;  <a class=\"excerpt-read-more\" href=\"https:\/\/www.qbatista.pt\/pt\/office-center\/spaces\/\" title=\"ReadEspa\u00e7os\">Ler mais &raquo;<\/a><\/p>\n","protected":false},"author":2,"featured_media":0,"parent":28,"menu_order":0,"comment_status":"open","ping_status":"open","template":"","meta":[],"acf":[],"_links":{"self":[{"href":"https:\/\/www.qbatista.pt\/pt\/wp-json\/wp\/v2\/pages\/146"}],"collection":[{"href":"https:\/\/www.qbatista.pt\/pt\/wp-json\/wp\/v2\/pages"}],"about":[{"href":"https:\/\/www.qbatista.pt\/pt\/wp-json\/wp\/v2\/types\/page"}],"author":[{"embeddable":true,"href":"https:\/\/www.qbatista.pt\/pt\/wp-json\/wp\/v2\/users\/2"}],"replies":[{"embeddable":true,"href":"https:\/\/www.qbatista.pt\/pt\/wp-json\/wp\/v2\/comments?post=146"}],"version-history":[{"count":4,"href":"https:\/\/www.qbatista.pt\/pt\/wp-json\/wp\/v2\/pages\/146\/revisions"}],"predecessor-version":[{"id":208,"href":"https:\/\/www.qbatista.pt\/pt\/wp-json\/wp\/v2\/pages\/146\/revisions\/208"}],"up":[{"embeddable":true,"href":"https:\/\/www.qbatista.pt\/pt\/wp-json\/wp\/v2\/pages\/28"}],"wp:attachment":[{"href":"https:\/\/www.qbatista.pt\/pt\/wp-json\/wp\/v2\/media?parent=146"}],"curies":[{"name":"wp","href":"https:\/\/api.w.org\/{rel}","templated":true}]}}