{"id":148,"date":"2013-11-20T22:36:37","date_gmt":"2013-11-20T22:36:37","guid":{"rendered":"http:\/\/109.71.45.70\/?page_id=148"},"modified":"2013-11-20T23:09:01","modified_gmt":"2013-11-20T23:09:01","slug":"services","status":"publish","type":"page","link":"https:\/\/www.qbatista.pt\/pt\/office-center\/services\/","title":{"rendered":"Servi\u00e7os"},"content":{"rendered":"<p>Os nossos escrit\u00f3rios s\u00e3o mais do que um espa\u00e7o, mais do que um conjunto de meios e equipamentos. A oferta de uma vasta gama de servi\u00e7os transforma o Office Center da Q&amp;B num local de trabalho onde efici\u00eancia e bem-estar s\u00e3o as palavras de ordem.<\/p>\n<p>A ced\u00eancia de espa\u00e7os no Office Center Q&amp;B inclui assim um imenso conjunto de servi\u00e7os:<\/p>\n<ul>\n<li>\u00c1gua<\/li>\n<li>Apoio de secretariado<\/li>\n<li>Central telef\u00f3nica<\/li>\n<li>Disponibiliza\u00e7\u00e3o de Servidores<\/li>\n<li>Domicilia\u00e7\u00e3o comercial<\/li>\n<li>Electricidade<\/li>\n<li>Estacionamento<\/li>\n<li>Fax<\/li>\n<li>Gest\u00e3o de correspond\u00eancia<\/li>\n<li>Internet Wireless<\/li>\n<li>Limpeza de unidades comuns<\/li>\n<li>Limpeza de unidades privativas<\/li>\n<li>Manuten\u00e7\u00e3o de elevadores<\/li>\n<li>Manuten\u00e7\u00e3o dos aparelhos de ar condicionado<\/li>\n<li>Marca\u00e7\u00e3o de Hot\u00e9is<\/li>\n<li>Reservas de viagens<\/li>\n<li>Salas para entrevistas<\/li>\n<li>Salas para reuni\u00f5es<\/li>\n<li>Servi\u00e7o de paquete<\/li>\n<li>Servi\u00e7os de economato<\/li>\n<li>Servi\u00e7os de impress\u00e3o<\/li>\n<li>Servi\u00e7os de recep\u00e7\u00e3o<\/li>\n<li>Sistema de climatiza\u00e7\u00e3o<\/li>\n<li>Sistemas de Videoconfer\u00eancia<\/li>\n<\/ul>\n<p><\/p>","protected":false},"excerpt":{"rendered":"<p>Os nossos escrit\u00f3rios s\u00e3o mais do que um espa\u00e7o, mais do que um conjunto de meios e equipamentos. A oferta de uma vasta gama de servi\u00e7os transforma o Office Center da Q&amp;B num local de trabalho onde efici\u00eancia e bem-estar s\u00e3o as palavras de ordem. A ced\u00eancia de espa\u00e7os no Office Center Q&amp;B inclui assim&#8230;  <a class=\"excerpt-read-more\" href=\"https:\/\/www.qbatista.pt\/pt\/office-center\/services\/\" title=\"ReadServi\u00e7os\">Ler mais &raquo;<\/a><\/p>\n","protected":false},"author":2,"featured_media":0,"parent":28,"menu_order":0,"comment_status":"open","ping_status":"open","template":"","meta":[],"acf":[],"_links":{"self":[{"href":"https:\/\/www.qbatista.pt\/pt\/wp-json\/wp\/v2\/pages\/148"}],"collection":[{"href":"https:\/\/www.qbatista.pt\/pt\/wp-json\/wp\/v2\/pages"}],"about":[{"href":"https:\/\/www.qbatista.pt\/pt\/wp-json\/wp\/v2\/types\/page"}],"author":[{"embeddable":true,"href":"https:\/\/www.qbatista.pt\/pt\/wp-json\/wp\/v2\/users\/2"}],"replies":[{"embeddable":true,"href":"https:\/\/www.qbatista.pt\/pt\/wp-json\/wp\/v2\/comments?post=148"}],"version-history":[{"count":4,"href":"https:\/\/www.qbatista.pt\/pt\/wp-json\/wp\/v2\/pages\/148\/revisions"}],"predecessor-version":[{"id":414,"href":"https:\/\/www.qbatista.pt\/pt\/wp-json\/wp\/v2\/pages\/148\/revisions\/414"}],"up":[{"embeddable":true,"href":"https:\/\/www.qbatista.pt\/pt\/wp-json\/wp\/v2\/pages\/28"}],"wp:attachment":[{"href":"https:\/\/www.qbatista.pt\/pt\/wp-json\/wp\/v2\/media?parent=148"}],"curies":[{"name":"wp","href":"https:\/\/api.w.org\/{rel}","templated":true}]}}