{"id":150,"date":"2013-11-20T22:37:47","date_gmt":"2013-11-20T22:37:47","guid":{"rendered":"http:\/\/109.71.45.70\/?page_id=150"},"modified":"2014-02-21T22:05:32","modified_gmt":"2014-02-21T22:05:32","slug":"technology","status":"publish","type":"page","link":"https:\/\/www.qbatista.pt\/pt\/office-center\/technology\/","title":{"rendered":"Tecnologia"},"content":{"rendered":"<p>Acompanhando as mais recentes t\u00e9cnicas inform\u00e1ticas e de comunica\u00e7\u00e3o, colocamos ao seu dispor o acesso a redes LAN, linhas dedicadas, RDIS e Internet de alta velocidade por Wireless. Em termos de infra-estruturas, o edif\u00edcio disp\u00f5e de cablagens estruturadas de categoria 5. Adicionalmente, podemos disponibilizar espa\u00e7o nos nossos servidores para a sua empresa.<\/p>\n<p>Quanto a comunica\u00e7\u00f5es, a oferta inclui telefones multifun\u00e7\u00f5es, factura detalhada e servi\u00e7o de voicemail. Existe tamb\u00e9m uma equipa de especialistas inform\u00e1ticos, prontos para o ajudar na compra de hardware e na cria\u00e7\u00e3o de redes.<\/p>","protected":false},"excerpt":{"rendered":"<p>Acompanhando as mais recentes t\u00e9cnicas inform\u00e1ticas e de comunica\u00e7\u00e3o, colocamos ao seu dispor o acesso a redes LAN, linhas dedicadas, RDIS e Internet de alta velocidade por Wireless. Em termos de infra-estruturas, o edif\u00edcio disp\u00f5e de cablagens estruturadas de categoria 5. Adicionalmente, podemos disponibilizar espa\u00e7o nos nossos servidores para a sua empresa. Quanto a comunica\u00e7\u00f5es,&#8230;  <a class=\"excerpt-read-more\" href=\"https:\/\/www.qbatista.pt\/pt\/office-center\/technology\/\" title=\"ReadTecnologia\">Ler mais &raquo;<\/a><\/p>\n","protected":false},"author":2,"featured_media":0,"parent":28,"menu_order":0,"comment_status":"open","ping_status":"open","template":"","meta":[],"acf":[],"_links":{"self":[{"href":"https:\/\/www.qbatista.pt\/pt\/wp-json\/wp\/v2\/pages\/150"}],"collection":[{"href":"https:\/\/www.qbatista.pt\/pt\/wp-json\/wp\/v2\/pages"}],"about":[{"href":"https:\/\/www.qbatista.pt\/pt\/wp-json\/wp\/v2\/types\/page"}],"author":[{"embeddable":true,"href":"https:\/\/www.qbatista.pt\/pt\/wp-json\/wp\/v2\/users\/2"}],"replies":[{"embeddable":true,"href":"https:\/\/www.qbatista.pt\/pt\/wp-json\/wp\/v2\/comments?post=150"}],"version-history":[{"count":2,"href":"https:\/\/www.qbatista.pt\/pt\/wp-json\/wp\/v2\/pages\/150\/revisions"}],"predecessor-version":[{"id":159,"href":"https:\/\/www.qbatista.pt\/pt\/wp-json\/wp\/v2\/pages\/150\/revisions\/159"}],"up":[{"embeddable":true,"href":"https:\/\/www.qbatista.pt\/pt\/wp-json\/wp\/v2\/pages\/28"}],"wp:attachment":[{"href":"https:\/\/www.qbatista.pt\/pt\/wp-json\/wp\/v2\/media?parent=150"}],"curies":[{"name":"wp","href":"https:\/\/api.w.org\/{rel}","templated":true}]}}