{"id":20,"date":"2013-09-02T20:59:16","date_gmt":"2013-09-02T20:59:16","guid":{"rendered":"http:\/\/miguelneves.com\/qbatista\/?page_id=20"},"modified":"2014-07-12T10:41:06","modified_gmt":"2014-07-12T10:41:06","slug":"accounting","status":"publish","type":"page","link":"https:\/\/www.qbatista.pt\/pt\/services\/accounting\/","title":{"rendered":"Contabilidade"},"content":{"rendered":"<p><\/p>\n<h2>Contabilidade Geral<\/h2>\n<ul>\n<li>Classifica\u00e7\u00e3o<\/li>\n<li>Lan\u00e7amento<\/li>\n<li>Apuramento de impostos<\/li>\n<\/ul>\n<h2>Contabilidade Anal\u00edtica<\/h2>\n<ul>\n<li>Implementa\u00e7\u00e3o de Centros de Custos<\/li>\n<\/ul>\n<h2>Entrega de documenta\u00e7\u00e3o oficial<\/h2>\n<ul>\n<li>Entrega das Contas nas Conservat\u00f3rias do Registo Comercial<\/li>\n<\/ul>\n<h2><\/h2>\n<p><\/p>","protected":false},"excerpt":{"rendered":"<p>Contabilidade Geral Classifica\u00e7\u00e3o Lan\u00e7amento Apuramento de impostos Contabilidade Anal\u00edtica Implementa\u00e7\u00e3o de Centros de Custos Entrega de documenta\u00e7\u00e3o oficial Entrega das Contas nas Conservat\u00f3rias do Registo Comercial<\/p>\n","protected":false},"author":2,"featured_media":0,"parent":16,"menu_order":0,"comment_status":"open","ping_status":"open","template":"","meta":[],"acf":[],"_links":{"self":[{"href":"https:\/\/www.qbatista.pt\/pt\/wp-json\/wp\/v2\/pages\/20"}],"collection":[{"href":"https:\/\/www.qbatista.pt\/pt\/wp-json\/wp\/v2\/pages"}],"about":[{"href":"https:\/\/www.qbatista.pt\/pt\/wp-json\/wp\/v2\/types\/page"}],"author":[{"embeddable":true,"href":"https:\/\/www.qbatista.pt\/pt\/wp-json\/wp\/v2\/users\/2"}],"replies":[{"embeddable":true,"href":"https:\/\/www.qbatista.pt\/pt\/wp-json\/wp\/v2\/comments?post=20"}],"version-history":[{"count":7,"href":"https:\/\/www.qbatista.pt\/pt\/wp-json\/wp\/v2\/pages\/20\/revisions"}],"predecessor-version":[{"id":417,"href":"https:\/\/www.qbatista.pt\/pt\/wp-json\/wp\/v2\/pages\/20\/revisions\/417"}],"up":[{"embeddable":true,"href":"https:\/\/www.qbatista.pt\/pt\/wp-json\/wp\/v2\/pages\/16"}],"wp:attachment":[{"href":"https:\/\/www.qbatista.pt\/pt\/wp-json\/wp\/v2\/media?parent=20"}],"curies":[{"name":"wp","href":"https:\/\/api.w.org\/{rel}","templated":true}]}}