{"id":22,"date":"2013-09-02T21:00:49","date_gmt":"2013-09-02T21:00:49","guid":{"rendered":"http:\/\/miguelneves.com\/qbatista\/?page_id=22"},"modified":"2013-10-26T18:52:10","modified_gmt":"2013-10-26T18:52:10","slug":"human-resources","status":"publish","type":"page","link":"https:\/\/www.qbatista.pt\/pt\/services\/human-resources\/","title":{"rendered":"Recursos Humanos"},"content":{"rendered":"<p><\/p>\n<h2>Recursos Humanos<\/h2>\n<ul>\n<li>Processamento de sal\u00e1rios<\/li>\n<li>Envio de declara\u00e7\u00f5es de remunera\u00e7\u00f5es<\/li>\n<li>Reten\u00e7\u00f5es<\/li>\n<li>Comunica\u00e7\u00e3o de admiss\u00e3o \/ exclus\u00e3o de funcion\u00e1rios \u00e0 Seguran\u00e7a Social<\/li>\n<\/ul>\n<p><\/p>","protected":false},"excerpt":{"rendered":"<p>Recursos Humanos Processamento de sal\u00e1rios Envio de declara\u00e7\u00f5es de remunera\u00e7\u00f5es Reten\u00e7\u00f5es Comunica\u00e7\u00e3o de admiss\u00e3o \/ exclus\u00e3o de funcion\u00e1rios \u00e0 Seguran\u00e7a Social<\/p>\n","protected":false},"author":2,"featured_media":0,"parent":16,"menu_order":0,"comment_status":"open","ping_status":"open","template":"","meta":[],"acf":[],"_links":{"self":[{"href":"https:\/\/www.qbatista.pt\/pt\/wp-json\/wp\/v2\/pages\/22"}],"collection":[{"href":"https:\/\/www.qbatista.pt\/pt\/wp-json\/wp\/v2\/pages"}],"about":[{"href":"https:\/\/www.qbatista.pt\/pt\/wp-json\/wp\/v2\/types\/page"}],"author":[{"embeddable":true,"href":"https:\/\/www.qbatista.pt\/pt\/wp-json\/wp\/v2\/users\/2"}],"replies":[{"embeddable":true,"href":"https:\/\/www.qbatista.pt\/pt\/wp-json\/wp\/v2\/comments?post=22"}],"version-history":[{"count":2,"href":"https:\/\/www.qbatista.pt\/pt\/wp-json\/wp\/v2\/pages\/22\/revisions"}],"predecessor-version":[{"id":129,"href":"https:\/\/www.qbatista.pt\/pt\/wp-json\/wp\/v2\/pages\/22\/revisions\/129"}],"up":[{"embeddable":true,"href":"https:\/\/www.qbatista.pt\/pt\/wp-json\/wp\/v2\/pages\/16"}],"wp:attachment":[{"href":"https:\/\/www.qbatista.pt\/pt\/wp-json\/wp\/v2\/media?parent=22"}],"curies":[{"name":"wp","href":"https:\/\/api.w.org\/{rel}","templated":true}]}}