{"id":9,"date":"2013-09-02T20:45:14","date_gmt":"2013-09-02T20:45:14","guid":{"rendered":"http:\/\/miguelneves.com\/qbatista\/?page_id=9"},"modified":"2013-11-02T13:35:31","modified_gmt":"2013-11-02T13:35:31","slug":"mission","status":"publish","type":"page","link":"https:\/\/www.qbatista.pt\/pt\/queiros-batista\/mission\/","title":{"rendered":"Miss\u00e3o e Valores"},"content":{"rendered":"<p>A nossa Miss\u00e3o consiste em apoiar o nosso Cliente, proporcionando-lhe os servi\u00e7os de contabilidade e servi\u00e7os relacionados de consultoria que necessite, a todos os n\u00edveis. Valorizamos a proximidade e a confian\u00e7a m\u00fatua com nossos Clientes, de modo a formar consigo uma equipa verdadeiramente eficiente, na qual a informa\u00e7\u00e3o adequada, precisa e a tempo \u00e9 a chave para alcan\u00e7ar os objectivos pretendidos \u2013 a sua satisfa\u00e7\u00e3o com os nossos servi\u00e7os e com o seu neg\u00f3cio.<\/p>","protected":false},"excerpt":{"rendered":"<p>A nossa Miss\u00e3o consiste em apoiar o nosso Cliente, proporcionando-lhe os servi\u00e7os de contabilidade e servi\u00e7os relacionados de consultoria que necessite, a todos os n\u00edveis. Valorizamos a proximidade e a confian\u00e7a m\u00fatua com nossos Clientes, de modo a formar consigo uma equipa verdadeiramente eficiente, na qual a informa\u00e7\u00e3o adequada, precisa e a tempo \u00e9 a&#8230;  <a class=\"excerpt-read-more\" href=\"https:\/\/www.qbatista.pt\/pt\/queiros-batista\/mission\/\" title=\"ReadMiss\u00e3o e Valores\">Ler mais &raquo;<\/a><\/p>\n","protected":false},"author":2,"featured_media":0,"parent":6,"menu_order":2,"comment_status":"open","ping_status":"closed","template":"","meta":[],"acf":[],"_links":{"self":[{"href":"https:\/\/www.qbatista.pt\/pt\/wp-json\/wp\/v2\/pages\/9"}],"collection":[{"href":"https:\/\/www.qbatista.pt\/pt\/wp-json\/wp\/v2\/pages"}],"about":[{"href":"https:\/\/www.qbatista.pt\/pt\/wp-json\/wp\/v2\/types\/page"}],"author":[{"embeddable":true,"href":"https:\/\/www.qbatista.pt\/pt\/wp-json\/wp\/v2\/users\/2"}],"replies":[{"embeddable":true,"href":"https:\/\/www.qbatista.pt\/pt\/wp-json\/wp\/v2\/comments?post=9"}],"version-history":[{"count":1,"href":"https:\/\/www.qbatista.pt\/pt\/wp-json\/wp\/v2\/pages\/9\/revisions"}],"predecessor-version":[{"id":140,"href":"https:\/\/www.qbatista.pt\/pt\/wp-json\/wp\/v2\/pages\/9\/revisions\/140"}],"up":[{"embeddable":true,"href":"https:\/\/www.qbatista.pt\/pt\/wp-json\/wp\/v2\/pages\/6"}],"wp:attachment":[{"href":"https:\/\/www.qbatista.pt\/pt\/wp-json\/wp\/v2\/media?parent=9"}],"curies":[{"name":"wp","href":"https:\/\/api.w.org\/{rel}","templated":true}]}}